{"id":1521,"date":"2022-02-10T09:53:52","date_gmt":"2022-02-10T09:53:52","guid":{"rendered":"https:\/\/soulmark.es\/wordpress\/?page_id=1521"},"modified":"2022-02-10T10:03:30","modified_gmt":"2022-02-10T10:03:30","slug":"blog","status":"publish","type":"page","link":"https:\/\/soulmark.es\/wordpress\/blog\/","title":{"rendered":"Blog"},"content":{"rendered":"<p><div class=\"fusion-fullwidth fullwidth-box fusion-builder-row-1 fusion-flex-container video-background nonhundred-percent-fullwidth non-hundred-percent-height-scrolling fusion-custom-z-index\" style=\"background-color: rgba(255,255,255,0);background-image:linear-gradient(180deg, rgba(34,44,119,0.7) 0%,rgba(34,44,119,0.7) 100%);background-position: center bottom;background-repeat: no-repeat;border-width: 0px 0px 0px 0px;border-color:#e2e2e2;border-style:solid;\" ><div class=\"fullwidth-video\"><video preload=\"auto\" autoplay playsinline loop muted><source src=\"https:\/\/soulmark.es\/wordpress\/wp-content\/uploads\/2022\/01\/soulmark-working-1.mp4\" type=\"video\/mp4\"><\/video><\/div><div class=\"fullwidth-overlay\" style=\"background-image: linear-gradient(180deg, rgba(34,44,119,0.7) 0%,rgba(34,44,119,0.7) 100%);background-color:rgba(255,255,255,0);\"><\/div><div class=\"fusion-builder-row fusion-row fusion-flex-align-items-center fusion-flex-align-content-center fusion-flex-justify-content-center\" style=\"max-width:1248px;margin-left: calc(-4% \/ 2 );margin-right: calc(-4% \/ 2 );\"><div class=\"fusion-layout-column fusion_builder_column fusion-builder-column-0 fusion_builder_column_4_5 4_5 fusion-flex-column fusion-flex-align-self-center fusion-animated\" data-animationType=\"fadeInDown\" data-animationDuration=\"2.0\" data-animationOffset=\"top-into-view\"><div class=\"fusion-column-wrapper fusion-flex-justify-content-center fusion-content-layout-column\" style=\"background-position:left top;background-repeat:no-repeat;-webkit-background-size:cover;-moz-background-size:cover;-o-background-size:cover;background-size:cover;padding: 0px 0px 0px 0px;\"><style type=\"text\/css\">@media only screen and (max-width:1024px) {.fusion-title.fusion-title-1{margin-top:10px!important; margin-right:0px!important;margin-bottom:15px!important;margin-left:0px!important;}}@media only screen and (max-width:640px) {.fusion-title.fusion-title-1{margin-top:10px!important; margin-right:0px!important;margin-bottom:10px!important; margin-left:0px!important;}}<\/style><div class=\"fusion-title title fusion-title-1 fusion-sep-none fusion-title-center fusion-title-text fusion-title-size-one\" style=\"font-size:36px;margin-top:10px;margin-right:0px;margin-bottom:15px;margin-left:0px;\"><h1 class=\"title-heading-center fusion-responsive-typography-calculated\" style=\"font-family:&quot;Poppins&quot;;font-weight:600;margin:0;font-size:1em;letter-spacing:-1px;color:#ffffff;--fontSize:36;line-height:1.39;\"><p class=\"title-heading-center fusion-responsive-typography-calculated\">En nuestro blog disfrutar\u00e1s de contenidos, noticias y consejos relacionados con la propiedad industrial<\/p><\/h1><\/div><\/div><style type=\"text\/css\">.fusion-body .fusion-builder-column-0{width:80% !important;margin-top : 10px;margin-bottom : 10px;}.fusion-builder-column-0 > .fusion-column-wrapper {padding-top : 0px !important;padding-right : 0 !important;margin-right : 2.4%;padding-bottom : 0px !important;padding-left : 0px !important;margin-left : 2.4%;}@media only screen and (max-width:1024px) {.fusion-body .fusion-builder-column-0{width:80% !important;order : 0;}.fusion-builder-column-0 > .fusion-column-wrapper {padding-right : 0px !important;margin-right : 2.4%;padding-bottom : 40px !important;margin-left : 2.4%;}}@media only screen and (max-width:640px) {.fusion-body .fusion-builder-column-0{width:100% !important;order : 0;}.fusion-builder-column-0 > .fusion-column-wrapper {margin-right : 1.92%;margin-left : 1.92%;}}<\/style><\/div><\/div><style type=\"text\/css\">.fusion-fullwidth.fusion-builder-row-1 { z-index:400 !important; }.fusion-body .fusion-flex-container.fusion-builder-row-1{ padding-top : 100px;margin-top : 0px;padding-right : 0px;padding-bottom : 0px;margin-bottom : 0px;padding-left : 0px;min-height:400px;}<\/style><\/div><div class=\"fusion-fullwidth fullwidth-box fusion-builder-row-2 fusion-flex-container nonhundred-percent-fullwidth non-hundred-percent-height-scrolling\" style=\"background-color: rgba(255,255,255,0);background-position: center center;background-repeat: no-repeat;border-width: 0px 0px 0px 0px;border-color:#e2e2e2;border-style:solid;\" ><div class=\"fusion-builder-row fusion-row fusion-flex-align-items-flex-start\" style=\"max-width:1248px;margin-left: calc(-4% \/ 2 );margin-right: calc(-4% \/ 2 );\"><div class=\"fusion-layout-column fusion_builder_column fusion-builder-column-1 fusion_builder_column_1_1 1_1 fusion-flex-column\"><div class=\"fusion-column-wrapper fusion-flex-justify-content-flex-start fusion-content-layout-column\" style=\"background-position:left top;background-repeat:no-repeat;-webkit-background-size:cover;-moz-background-size:cover;-o-background-size:cover;background-size:cover;padding: 0px 0px 0px 0px;\"><div class=\"fusion-recent-posts fusion-recent-posts-1 avada-container layout-default layout-columns-3\"><section class=\"fusion-columns columns fusion-columns-3 columns-3\"><article class=\"post fusion-column column col col-lg-4 col-md-4 col-sm-4\"><div class=\"fusion-flexslider fusion-flexslider-loading flexslider flexslider-hover-type-none\"><ul class=\"slides\"><li><a href=\"https:\/\/soulmark.es\/wordpress\/2022\/02\/10\/como-se-registra-una-marca-en-espana-4-pasos-para-lograrlo\/\" aria-label=\"\u00bfC\u00f3mo se registra una marca en Espa\u00f1a? 4 pasos para lograrlo\" class=\"hover-type-none\"><img decoding=\"async\" width=\"667\" height=\"441\" src=\"data:image\/svg+xml,%3Csvg%20xmlns%3D%27http%3A%2F%2Fwww.w3.org%2F2000%2Fsvg%27%20width%3D%272242%27%20height%3D%271482%27%20viewBox%3D%270%200%202242%201482%27%3E%3Crect%20width%3D%272242%27%20height%3D%271482%27%20fill-opacity%3D%220%22%2F%3E%3C%2Fsvg%3E\" class=\"attachment-recent-posts size-recent-posts lazyload\" alt=\"article-2-featured\" data-orig-src=\"https:\/\/soulmark.es\/wordpress\/wp-content\/uploads\/2020\/09\/article-2-featured.jpg\" \/><\/a><\/li><\/ul><\/div><div class=\"recent-posts-content\"><span class=\"vcard\" style=\"display: none;\"><span class=\"fn\"><a href=\"https:\/\/soulmark.es\/wordpress\/author\/admin\/\" title=\"Entradas de admin\" rel=\"author\">admin<\/a><\/span><\/span><span class=\"updated\" style=\"display:none;\">2022-02-21T08:54:21+00:00<\/span><h4 class=\"entry-title\"><a href=\"https:\/\/soulmark.es\/wordpress\/2022\/02\/10\/como-se-registra-una-marca-en-espana-4-pasos-para-lograrlo\/\">\u00bfC\u00f3mo se registra una marca en Espa\u00f1a? 4 pasos para lograrlo<\/a><\/h4><p class=\"meta\"><span class=\"vcard\" style=\"display: none;\"><span class=\"fn\"><a href=\"https:\/\/soulmark.es\/wordpress\/author\/admin\/\" title=\"Entradas de admin\" rel=\"author\">admin<\/a><\/span><\/span><span class=\"updated\" style=\"display:none;\">2022-02-21T08:54:21+00:00<\/span><span>10 de febrero de 2022<\/span><span class=\"fusion-inline-sep\">|<\/span><span class=\"fusion-comments\"><a href=\"https:\/\/soulmark.es\/wordpress\/2022\/02\/10\/como-se-registra-una-marca-en-espana-4-pasos-para-lograrlo\/#respond\">0 Comments<\/a><\/span><\/p><p>El proceso de registro de una marca en Espa\u00f1a es un proceso indispensable si quieres que tus marcas est\u00e9n protegidas y no sufran plagios o copias fraudulentas.\u00a0 Este proceso de registro, adem\u00e1s, se convierte en ...<\/p><\/div><\/article><article class=\"post fusion-column column col col-lg-4 col-md-4 col-sm-4\"><div class=\"fusion-flexslider fusion-flexslider-loading flexslider flexslider-hover-type-none\"><ul class=\"slides\"><li><a href=\"https:\/\/soulmark.es\/wordpress\/2022\/02\/10\/registro-de-patentes-claves-para-tenerlo-todo-controlado\/\" aria-label=\"Registro de patentes: claves para tenerlo todo controlado\" class=\"hover-type-none\"><img decoding=\"async\" width=\"667\" height=\"441\" src=\"data:image\/svg+xml,%3Csvg%20xmlns%3D%27http%3A%2F%2Fwww.w3.org%2F2000%2Fsvg%27%20width%3D%272242%27%20height%3D%271482%27%20viewBox%3D%270%200%202242%201482%27%3E%3Crect%20width%3D%272242%27%20height%3D%271482%27%20fill-opacity%3D%220%22%2F%3E%3C%2Fsvg%3E\" class=\"attachment-recent-posts size-recent-posts lazyload\" alt=\"article-4-featured\" data-orig-src=\"https:\/\/soulmark.es\/wordpress\/wp-content\/uploads\/2020\/09\/article-4-featured.jpg\" \/><\/a><\/li><\/ul><\/div><div class=\"recent-posts-content\"><span class=\"vcard\" style=\"display: none;\"><span class=\"fn\"><a href=\"https:\/\/soulmark.es\/wordpress\/author\/admin\/\" title=\"Entradas de admin\" rel=\"author\">admin<\/a><\/span><\/span><span class=\"updated\" style=\"display:none;\">2022-02-21T08:16:16+00:00<\/span><h4 class=\"entry-title\"><a href=\"https:\/\/soulmark.es\/wordpress\/2022\/02\/10\/registro-de-patentes-claves-para-tenerlo-todo-controlado\/\">Registro de patentes: claves para tenerlo todo controlado<\/a><\/h4><p class=\"meta\"><span class=\"vcard\" style=\"display: none;\"><span class=\"fn\"><a href=\"https:\/\/soulmark.es\/wordpress\/author\/admin\/\" title=\"Entradas de admin\" rel=\"author\">admin<\/a><\/span><\/span><span class=\"updated\" style=\"display:none;\">2022-02-21T08:16:16+00:00<\/span><span>10 de febrero de 2022<\/span><span class=\"fusion-inline-sep\">|<\/span><span class=\"fusion-comments\"><a href=\"https:\/\/soulmark.es\/wordpress\/2022\/02\/10\/registro-de-patentes-claves-para-tenerlo-todo-controlado\/#respond\">0 Comments<\/a><\/span><\/p><p>Cuando hablamos de invenciones y talento, a todos se nos viene a la cabeza la imagen del \u201cerudito con bata blanca y pelos enmara\u00f1ados, de cuyo pensamiento sale una bombilla encendida\u201d que hemos visto representada ...<\/p><\/div><\/article><article class=\"post fusion-column column col col-lg-4 col-md-4 col-sm-4\"><div class=\"fusion-flexslider fusion-flexslider-loading flexslider flexslider-hover-type-none\"><ul class=\"slides\"><li><a href=\"https:\/\/soulmark.es\/wordpress\/2022\/02\/10\/planning-for-growth\/\" aria-label=\"Registro de marcas. Mucho m\u00e1s que un tr\u00e1mite administrativo.\" class=\"hover-type-none\"><img decoding=\"async\" width=\"667\" height=\"441\" src=\"data:image\/svg+xml,%3Csvg%20xmlns%3D%27http%3A%2F%2Fwww.w3.org%2F2000%2Fsvg%27%20width%3D%272242%27%20height%3D%271482%27%20viewBox%3D%270%200%202242%201482%27%3E%3Crect%20width%3D%272242%27%20height%3D%271482%27%20fill-opacity%3D%220%22%2F%3E%3C%2Fsvg%3E\" class=\"attachment-recent-posts size-recent-posts lazyload\" alt=\"article-6-featured\" data-orig-src=\"https:\/\/soulmark.es\/wordpress\/wp-content\/uploads\/2020\/09\/article-6-featured.jpg\" \/><\/a><\/li><\/ul><\/div><div class=\"recent-posts-content\"><span class=\"vcard\" style=\"display: none;\"><span class=\"fn\"><a href=\"https:\/\/soulmark.es\/wordpress\/author\/admin\/\" title=\"Entradas de admin\" rel=\"author\">admin<\/a><\/span><\/span><span class=\"updated\" style=\"display:none;\">2022-02-10T09:18:20+00:00<\/span><h4 class=\"entry-title\"><a href=\"https:\/\/soulmark.es\/wordpress\/2022\/02\/10\/planning-for-growth\/\">Registro de marcas. Mucho m\u00e1s que un tr\u00e1mite administrativo.<\/a><\/h4><p class=\"meta\"><span class=\"vcard\" style=\"display: none;\"><span class=\"fn\"><a href=\"https:\/\/soulmark.es\/wordpress\/author\/admin\/\" title=\"Entradas de admin\" rel=\"author\">admin<\/a><\/span><\/span><span class=\"updated\" style=\"display:none;\">2022-02-10T09:18:20+00:00<\/span><span>10 de febrero de 2022<\/span><span class=\"fusion-inline-sep\">|<\/span><span class=\"fusion-comments\"><a href=\"https:\/\/soulmark.es\/wordpress\/2022\/02\/10\/planning-for-growth\/#respond\">0 Comments<\/a><\/span><\/p><p>En la actualidad, el registro de marcas y nombres comerciales se ha convertido en un valor a\u00f1adido para las empresas que va mucho m\u00e1s all\u00e1 del mero tr\u00e1mite administrativo. Para que te hagas una idea, ...<\/p><\/div><\/article><\/section><\/div><\/div><style type=\"text\/css\">.fusion-body .fusion-builder-column-1{width:100% !important;margin-top : 0px;margin-bottom : 20px;}.fusion-builder-column-1 > .fusion-column-wrapper {padding-top : 0px !important;padding-right : 0px !important;margin-right : 1.92%;padding-bottom : 0px !important;padding-left : 0px !important;margin-left : 1.92%;}@media only screen and (max-width:1024px) {.fusion-body .fusion-builder-column-1{width:100% !important;order : 0;}.fusion-builder-column-1 > .fusion-column-wrapper {margin-right : 1.92%;margin-left : 1.92%;}}@media only screen and (max-width:640px) {.fusion-body .fusion-builder-column-1{width:100% !important;order : 0;}.fusion-builder-column-1 > .fusion-column-wrapper {margin-right : 1.92%;margin-left : 1.92%;}}<\/style><\/div><\/div><style type=\"text\/css\">.fusion-body .fusion-flex-container.fusion-builder-row-2{ padding-top : 80px;margin-top : 0px;padding-right : 0px;padding-bottom : 0px;margin-bottom : 0px;padding-left : 0px;}<\/style><\/div><\/p>\n","protected":false},"excerpt":{"rendered":"","protected":false},"author":1,"featured_media":0,"parent":0,"menu_order":0,"comment_status":"closed","ping_status":"closed","template":"100-width.php","meta":{"inline_featured_image":false,"footnotes":""},"class_list":["post-1521","page","type-page","status-publish","hentry"],"yoast_head":"<!-- This site is optimized with the Yoast SEO plugin v18.1 - https:\/\/yoast.com\/wordpress\/plugins\/seo\/ -->\n<title>Blog - Soulmark<\/title>\n<meta name=\"robots\" content=\"index, follow, max-snippet:-1, max-image-preview:large, max-video-preview:-1\" \/>\n<link rel=\"canonical\" href=\"https:\/\/soulmark.es\/wordpress\/blog\/\" \/>\n<meta property=\"og:locale\" content=\"es_ES\" \/>\n<meta property=\"og:type\" content=\"article\" \/>\n<meta property=\"og:title\" content=\"Blog - Soulmark\" \/>\n<meta property=\"og:url\" content=\"https:\/\/soulmark.es\/wordpress\/blog\/\" \/>\n<meta property=\"og:site_name\" content=\"Soulmark\" \/>\n<meta property=\"article:modified_time\" content=\"2022-02-10T10:03:30+00:00\" \/>\n<meta name=\"twitter:card\" content=\"summary_large_image\" \/>\n<meta name=\"twitter:label1\" content=\"Tiempo de lectura\" \/>\n\t<meta name=\"twitter:data1\" content=\"3 minutos\" \/>\n<script type=\"application\/ld+json\" class=\"yoast-schema-graph\">{\"@context\":\"https:\/\/schema.org\",\"@graph\":[{\"@type\":\"WebSite\",\"@id\":\"https:\/\/soulmark.es\/wordpress\/#website\",\"url\":\"https:\/\/soulmark.es\/wordpress\/\",\"name\":\"Soulmark\",\"description\":\"Especialistas en Propiedad Industrial y Derecho Digial\",\"potentialAction\":[{\"@type\":\"SearchAction\",\"target\":{\"@type\":\"EntryPoint\",\"urlTemplate\":\"https:\/\/soulmark.es\/wordpress\/?s={search_term_string}\"},\"query-input\":\"required name=search_term_string\"}],\"inLanguage\":\"es\"},{\"@type\":\"WebPage\",\"@id\":\"https:\/\/soulmark.es\/wordpress\/blog\/#webpage\",\"url\":\"https:\/\/soulmark.es\/wordpress\/blog\/\",\"name\":\"Blog - Soulmark\",\"isPartOf\":{\"@id\":\"https:\/\/soulmark.es\/wordpress\/#website\"},\"datePublished\":\"2022-02-10T09:53:52+00:00\",\"dateModified\":\"2022-02-10T10:03:30+00:00\",\"breadcrumb\":{\"@id\":\"https:\/\/soulmark.es\/wordpress\/blog\/#breadcrumb\"},\"inLanguage\":\"es\",\"potentialAction\":[{\"@type\":\"ReadAction\",\"target\":[\"https:\/\/soulmark.es\/wordpress\/blog\/\"]}]},{\"@type\":\"BreadcrumbList\",\"@id\":\"https:\/\/soulmark.es\/wordpress\/blog\/#breadcrumb\",\"itemListElement\":[{\"@type\":\"ListItem\",\"position\":1,\"name\":\"Portada\",\"item\":\"https:\/\/soulmark.es\/wordpress\/\"},{\"@type\":\"ListItem\",\"position\":2,\"name\":\"Blog\"}]}]}<\/script>\n<!-- \/ Yoast SEO plugin. -->","yoast_head_json":{"title":"Blog - Soulmark","robots":{"index":"index","follow":"follow","max-snippet":"max-snippet:-1","max-image-preview":"max-image-preview:large","max-video-preview":"max-video-preview:-1"},"canonical":"https:\/\/soulmark.es\/wordpress\/blog\/","og_locale":"es_ES","og_type":"article","og_title":"Blog - Soulmark","og_url":"https:\/\/soulmark.es\/wordpress\/blog\/","og_site_name":"Soulmark","article_modified_time":"2022-02-10T10:03:30+00:00","twitter_card":"summary_large_image","twitter_misc":{"Tiempo de lectura":"3 minutos"},"schema":{"@context":"https:\/\/schema.org","@graph":[{"@type":"WebSite","@id":"https:\/\/soulmark.es\/wordpress\/#website","url":"https:\/\/soulmark.es\/wordpress\/","name":"Soulmark","description":"Especialistas en Propiedad Industrial y Derecho Digial","potentialAction":[{"@type":"SearchAction","target":{"@type":"EntryPoint","urlTemplate":"https:\/\/soulmark.es\/wordpress\/?s={search_term_string}"},"query-input":"required name=search_term_string"}],"inLanguage":"es"},{"@type":"WebPage","@id":"https:\/\/soulmark.es\/wordpress\/blog\/#webpage","url":"https:\/\/soulmark.es\/wordpress\/blog\/","name":"Blog - Soulmark","isPartOf":{"@id":"https:\/\/soulmark.es\/wordpress\/#website"},"datePublished":"2022-02-10T09:53:52+00:00","dateModified":"2022-02-10T10:03:30+00:00","breadcrumb":{"@id":"https:\/\/soulmark.es\/wordpress\/blog\/#breadcrumb"},"inLanguage":"es","potentialAction":[{"@type":"ReadAction","target":["https:\/\/soulmark.es\/wordpress\/blog\/"]}]},{"@type":"BreadcrumbList","@id":"https:\/\/soulmark.es\/wordpress\/blog\/#breadcrumb","itemListElement":[{"@type":"ListItem","position":1,"name":"Portada","item":"https:\/\/soulmark.es\/wordpress\/"},{"@type":"ListItem","position":2,"name":"Blog"}]}]}},"_links":{"self":[{"href":"https:\/\/soulmark.es\/wordpress\/wp-json\/wp\/v2\/pages\/1521","targetHints":{"allow":["GET"]}}],"collection":[{"href":"https:\/\/soulmark.es\/wordpress\/wp-json\/wp\/v2\/pages"}],"about":[{"href":"https:\/\/soulmark.es\/wordpress\/wp-json\/wp\/v2\/types\/page"}],"author":[{"embeddable":true,"href":"https:\/\/soulmark.es\/wordpress\/wp-json\/wp\/v2\/users\/1"}],"replies":[{"embeddable":true,"href":"https:\/\/soulmark.es\/wordpress\/wp-json\/wp\/v2\/comments?post=1521"}],"version-history":[{"count":10,"href":"https:\/\/soulmark.es\/wordpress\/wp-json\/wp\/v2\/pages\/1521\/revisions"}],"predecessor-version":[{"id":1526,"href":"https:\/\/soulmark.es\/wordpress\/wp-json\/wp\/v2\/pages\/1521\/revisions\/1526"}],"wp:attachment":[{"href":"https:\/\/soulmark.es\/wordpress\/wp-json\/wp\/v2\/media?parent=1521"}],"curies":[{"name":"wp","href":"https:\/\/api.w.org\/{rel}","templated":true}]}}