{"id":3,"date":"2021-09-30T10:05:58","date_gmt":"2021-09-30T10:05:58","guid":{"rendered":"https:\/\/soulmark.es\/wordpress\/?page_id=3"},"modified":"2022-01-04T07:59:09","modified_gmt":"2022-01-04T07:59:09","slug":"politica-privacidad","status":"publish","type":"page","link":"https:\/\/soulmark.es\/wordpress\/politica-privacidad\/","title":{"rendered":"Pol\u00edtica de privacidad"},"content":{"rendered":"<div class=\"fusion-fullwidth fullwidth-box fusion-builder-row-1 fusion-flex-container nonhundred-percent-fullwidth non-hundred-percent-height-scrolling\" style=\"background-color: rgba(255,255,255,0);background-position: center center;background-repeat: no-repeat;border-width: 0px 0px 0px 0px;border-color:#e2e2e2;border-style:solid;\" ><div class=\"fusion-builder-row fusion-row fusion-flex-align-items-center fusion-flex-justify-content-center\" style=\"max-width:1248px;margin-left: calc(-4% \/ 2 );margin-right: calc(-4% \/ 2 );\"><div class=\"fusion-layout-column fusion_builder_column fusion-builder-column-0 fusion_builder_column_4_5 4_5 fusion-flex-column\"><div class=\"fusion-column-wrapper fusion-flex-justify-content-flex-start fusion-content-layout-column\" style=\"background-position:left top;background-repeat:no-repeat;-webkit-background-size:cover;-moz-background-size:cover;-o-background-size:cover;background-size:cover;border-radius:12px 12px 12px 12px;border-width: 1px 1px 1px 1px;border-color:#e2e2e2;border-style:solid;border-radius:12px 12px 12px 12px;overflow:hidden;padding: 20px 40px 20px 40px;\"><style type=\"text\/css\">@media only screen and (max-width:1024px) {.fusion-title.fusion-title-1{margin-top:10px!important; margin-right:0px!important;margin-bottom:40px!important;margin-left:0px!important;}}@media only screen and (max-width:640px) {.fusion-title.fusion-title-1{margin-top:10px!important; margin-right:0px!important;margin-bottom:10px!important; margin-left:0px!important;}}<\/style><div class=\"fusion-title title fusion-title-1 fusion-sep-none fusion-title-text fusion-title-size-one\" style=\"font-size:36px;margin-top:10px;margin-right:0px;margin-bottom:40px;margin-left:0px;\"><h1 class=\"title-heading-left fusion-responsive-typography-calculated\" style=\"margin:0;font-size:1em;color:#eb5c5f;--fontSize:36;line-height:1.16;\">Pol\u00edtica de privacidad<\/h1><\/div><div class=\"fusion-text fusion-text-1\"><p style=\"text-align: left;\"><strong>Responsable del tratamiento<\/strong><\/p>\n<p style=\"text-align: left;\">El responsable del tratamiento de tus datos personales es Soulmark, S.L., con CIF B87967998.<\/p>\n<p style=\"text-align: left;\"><strong>Nuestros datos de contacto son:<\/strong><\/p>\n<p style=\"text-align: left;\">Direcci\u00f3n: C\/ Dubl\u00edn, 1 \u2013 Oficina 2G\u00a0 &#8211;\u00a0 Ed. Ciudad de Sevilla \u2013 Pol. Ind. Eur\u00f3polis \u00a0 28232 Las Rozas de Madrid (MADRID) Tel\u00e9fono: +34 91 553 07 15 Email: soulmark@soulmark.es<\/p>\n<p style=\"text-align: left;\"><strong>\u00bfPara qu\u00e9 fines tratamos tus datos personales?<\/strong><\/p>\n<p style=\"text-align: left;\">Trataremos tus datos para poder atender las consultas que nos remitas, realizar un seguimiento de las mismas y mantener el contacto profesional.<\/p>\n<p style=\"text-align: left;\"><strong>\u00bfQu\u00e9 nos legitima para tratar tus datos?<\/strong><\/p>\n<p style=\"text-align: left;\">La base jur\u00eddica que legitima el tratamiento de tus datos es el consentimiento que nos das al ponerte en contacto con nosotros. Si act\u00faas en nombre de una entidad, esa base jur\u00eddica ser\u00e1 el inter\u00e9s leg\u00edtimo que tu entidad y la nuestra tienen en poder mantener dicho contacto.<\/p>\n<p style=\"text-align: left;\"><strong>\u00bfCon qui\u00e9n compartimos tus datos?<\/strong><\/p>\n<p style=\"text-align: left;\">\u00danicamente compartiremos tus datos con nuestros proveedores de servicios de tecnolog\u00edas de la informaci\u00f3n.<\/p>\n<p style=\"text-align: left;\"><strong>\u00bfCu\u00e1nto tiempo conservamos tus datos?<\/strong><\/p>\n<p style=\"text-align: left;\">Conservaremos tus datos el tiempo necesario para atenderte y hasta un a\u00f1o desde el \u00faltimo contacto que mantengamos.<\/p>\n<p style=\"text-align: left;\"><strong>\u00bfQu\u00e9 derechos tienes?<\/strong><\/p>\n<p style=\"text-align: left;\">Como titular de tus datos personales puedes ejercitar los siguientes derechos en la medida que sean aplicables: a solicitar el acceso a tus datos personales, su rectificaci\u00f3n o supresi\u00f3n, la limitaci\u00f3n de su tratamiento, a oponerte al tratamiento, a la portabilidad de tus datos y, cuando el tratamiento se base en tu consentimiento, a retirarlo en cualquier momento.<\/p>\n<p style=\"text-align: left;\">Podr\u00e1s ejercitar estos derechos dirigi\u00e9ndote a nosotros por cualquiera de las v\u00edas indicadas m\u00e1s arriba, identific\u00e1ndote debidamente.<\/p>\n<p style=\"text-align: left;\">Asimismo, tendr\u00e1s derecho a presentar una reclamaci\u00f3n ante las autoridades de protecci\u00f3n de datos, especialmente si consideras vulnerados los anteriores derechos.<\/p>\n<\/div><\/div><style type=\"text\/css\">.fusion-body .fusion-builder-column-0{width:80% !important;margin-top : 160px;margin-bottom : 20px;}.fusion-builder-column-0 > .fusion-column-wrapper {padding-top : 20 !important;padding-right : 40 !important;margin-right : 2.4%;padding-bottom : 20 !important;padding-left : 40 !important;margin-left : 2.4%;}@media only screen and (max-width:1024px) {.fusion-body .fusion-builder-column-0{width:80% !important;order : 0;}.fusion-builder-column-0 > .fusion-column-wrapper {margin-right : 2.4%;margin-left : 2.4%;}}@media only screen and (max-width:640px) {.fusion-body .fusion-builder-column-0{width:100% !important;order : 0;}.fusion-builder-column-0 > .fusion-column-wrapper {margin-right : 1.92%;margin-left : 1.92%;}}<\/style><\/div><\/div><style type=\"text\/css\">.fusion-body .fusion-flex-container.fusion-builder-row-1{ padding-top : 0px;margin-top : 0px;padding-right : 0px;padding-bottom : 0px;margin-bottom : 0px;padding-left : 0px;}<\/style><\/div>\n","protected":false},"excerpt":{"rendered":"","protected":false},"author":1,"featured_media":0,"parent":0,"menu_order":0,"comment_status":"closed","ping_status":"open","template":"","meta":{"inline_featured_image":false,"footnotes":""},"class_list":["post-3","page","type-page","status-publish","hentry"],"yoast_head":"<!-- This site is optimized with the Yoast SEO plugin v18.1 - https:\/\/yoast.com\/wordpress\/plugins\/seo\/ -->\n<title>Pol\u00edtica de privacidad - Soulmark<\/title>\n<meta name=\"robots\" content=\"index, follow, max-snippet:-1, max-image-preview:large, max-video-preview:-1\" \/>\n<link rel=\"canonical\" href=\"https:\/\/soulmark.es\/wordpress\/politica-privacidad\/\" \/>\n<meta property=\"og:locale\" content=\"es_ES\" \/>\n<meta property=\"og:type\" content=\"article\" \/>\n<meta property=\"og:title\" content=\"Pol\u00edtica de privacidad - Soulmark\" \/>\n<meta property=\"og:url\" content=\"https:\/\/soulmark.es\/wordpress\/politica-privacidad\/\" \/>\n<meta property=\"og:site_name\" content=\"Soulmark\" \/>\n<meta property=\"article:modified_time\" content=\"2022-01-04T07:59:09+00:00\" \/>\n<meta name=\"twitter:card\" content=\"summary_large_image\" \/>\n<meta name=\"twitter:label1\" content=\"Tiempo de lectura\" \/>\n\t<meta name=\"twitter:data1\" content=\"3 minutos\" \/>\n<script type=\"application\/ld+json\" class=\"yoast-schema-graph\">{\"@context\":\"https:\/\/schema.org\",\"@graph\":[{\"@type\":\"WebSite\",\"@id\":\"https:\/\/soulmark.es\/wordpress\/#website\",\"url\":\"https:\/\/soulmark.es\/wordpress\/\",\"name\":\"Soulmark\",\"description\":\"Especialistas en Propiedad Industrial y Derecho Digial\",\"potentialAction\":[{\"@type\":\"SearchAction\",\"target\":{\"@type\":\"EntryPoint\",\"urlTemplate\":\"https:\/\/soulmark.es\/wordpress\/?s={search_term_string}\"},\"query-input\":\"required name=search_term_string\"}],\"inLanguage\":\"es\"},{\"@type\":\"WebPage\",\"@id\":\"https:\/\/soulmark.es\/wordpress\/politica-privacidad\/#webpage\",\"url\":\"https:\/\/soulmark.es\/wordpress\/politica-privacidad\/\",\"name\":\"Pol\u00edtica de privacidad - Soulmark\",\"isPartOf\":{\"@id\":\"https:\/\/soulmark.es\/wordpress\/#website\"},\"datePublished\":\"2021-09-30T10:05:58+00:00\",\"dateModified\":\"2022-01-04T07:59:09+00:00\",\"breadcrumb\":{\"@id\":\"https:\/\/soulmark.es\/wordpress\/politica-privacidad\/#breadcrumb\"},\"inLanguage\":\"es\",\"potentialAction\":[{\"@type\":\"ReadAction\",\"target\":[\"https:\/\/soulmark.es\/wordpress\/politica-privacidad\/\"]}]},{\"@type\":\"BreadcrumbList\",\"@id\":\"https:\/\/soulmark.es\/wordpress\/politica-privacidad\/#breadcrumb\",\"itemListElement\":[{\"@type\":\"ListItem\",\"position\":1,\"name\":\"Portada\",\"item\":\"https:\/\/soulmark.es\/wordpress\/\"},{\"@type\":\"ListItem\",\"position\":2,\"name\":\"Pol\u00edtica de privacidad\"}]}]}<\/script>\n<!-- \/ Yoast SEO plugin. -->","yoast_head_json":{"title":"Pol\u00edtica de privacidad - Soulmark","robots":{"index":"index","follow":"follow","max-snippet":"max-snippet:-1","max-image-preview":"max-image-preview:large","max-video-preview":"max-video-preview:-1"},"canonical":"https:\/\/soulmark.es\/wordpress\/politica-privacidad\/","og_locale":"es_ES","og_type":"article","og_title":"Pol\u00edtica de privacidad - Soulmark","og_url":"https:\/\/soulmark.es\/wordpress\/politica-privacidad\/","og_site_name":"Soulmark","article_modified_time":"2022-01-04T07:59:09+00:00","twitter_card":"summary_large_image","twitter_misc":{"Tiempo de lectura":"3 minutos"},"schema":{"@context":"https:\/\/schema.org","@graph":[{"@type":"WebSite","@id":"https:\/\/soulmark.es\/wordpress\/#website","url":"https:\/\/soulmark.es\/wordpress\/","name":"Soulmark","description":"Especialistas en Propiedad Industrial y Derecho Digial","potentialAction":[{"@type":"SearchAction","target":{"@type":"EntryPoint","urlTemplate":"https:\/\/soulmark.es\/wordpress\/?s={search_term_string}"},"query-input":"required name=search_term_string"}],"inLanguage":"es"},{"@type":"WebPage","@id":"https:\/\/soulmark.es\/wordpress\/politica-privacidad\/#webpage","url":"https:\/\/soulmark.es\/wordpress\/politica-privacidad\/","name":"Pol\u00edtica de privacidad - Soulmark","isPartOf":{"@id":"https:\/\/soulmark.es\/wordpress\/#website"},"datePublished":"2021-09-30T10:05:58+00:00","dateModified":"2022-01-04T07:59:09+00:00","breadcrumb":{"@id":"https:\/\/soulmark.es\/wordpress\/politica-privacidad\/#breadcrumb"},"inLanguage":"es","potentialAction":[{"@type":"ReadAction","target":["https:\/\/soulmark.es\/wordpress\/politica-privacidad\/"]}]},{"@type":"BreadcrumbList","@id":"https:\/\/soulmark.es\/wordpress\/politica-privacidad\/#breadcrumb","itemListElement":[{"@type":"ListItem","position":1,"name":"Portada","item":"https:\/\/soulmark.es\/wordpress\/"},{"@type":"ListItem","position":2,"name":"Pol\u00edtica de privacidad"}]}]}},"_links":{"self":[{"href":"https:\/\/soulmark.es\/wordpress\/wp-json\/wp\/v2\/pages\/3","targetHints":{"allow":["GET"]}}],"collection":[{"href":"https:\/\/soulmark.es\/wordpress\/wp-json\/wp\/v2\/pages"}],"about":[{"href":"https:\/\/soulmark.es\/wordpress\/wp-json\/wp\/v2\/types\/page"}],"author":[{"embeddable":true,"href":"https:\/\/soulmark.es\/wordpress\/wp-json\/wp\/v2\/users\/1"}],"replies":[{"embeddable":true,"href":"https:\/\/soulmark.es\/wordpress\/wp-json\/wp\/v2\/comments?post=3"}],"version-history":[{"count":17,"href":"https:\/\/soulmark.es\/wordpress\/wp-json\/wp\/v2\/pages\/3\/revisions"}],"predecessor-version":[{"id":1317,"href":"https:\/\/soulmark.es\/wordpress\/wp-json\/wp\/v2\/pages\/3\/revisions\/1317"}],"wp:attachment":[{"href":"https:\/\/soulmark.es\/wordpress\/wp-json\/wp\/v2\/media?parent=3"}],"curies":[{"name":"wp","href":"https:\/\/api.w.org\/{rel}","templated":true}]}}